{"id":13396,"date":"2014-03-24T10:54:51","date_gmt":"2014-03-24T10:54:51","guid":{"rendered":"http:\/\/demo.qodeinteractive.com\/bridge46\/?page_id=13396"},"modified":"2020-06-01T15:59:13","modified_gmt":"2020-06-01T15:59:13","slug":"modele-daffaires","status":"publish","type":"page","link":"https:\/\/lacertegcl.com\/fr\/modele-daffaires\/","title":{"rendered":"MOD\u00c8LE D\u2019AFFAIRES"},"content":{"rendered":"<p>[vc_row css_animation=\u00a0\u00bb\u00a0\u00bb row_type=\u00a0\u00bbrow\u00a0\u00bb use_row_as_full_screen_section=\u00a0\u00bbno\u00a0\u00bb type=\u00a0\u00bbgrid\u00a0\u00bb angled_section=\u00a0\u00bbno\u00a0\u00bb text_align=\u00a0\u00bbleft\u00a0\u00bb background_image_as_pattern=\u00a0\u00bbwithout_pattern\u00a0\u00bb padding_bottom=\u00a0\u00bb0&Prime; el_class=\u00a0\u00bbicon_border\u00a0\u00bb z_index=\u00a0\u00bb\u00a0\u00bb][vc_column width=\u00a0\u00bb2\/3&Prime;][vc_column_text]<\/p>\n<p style=\"text-align: justify;\">Le cabinet Lacerte GCL inc. a \u00e9t\u00e9 fond\u00e9 en 2019 par Me Guylaine Lacerte qui, apr\u00e8s avoir pratiqu\u00e9 au sein de grands et moyens cabinets, a d\u00e9velopp\u00e9 un mod\u00e8le d\u2019affaires innovant lui permettant d\u2019agir comme conseill\u00e8re aupr\u00e8s de sa client\u00e8le, et ce, peu importe la nature des enjeux juridiques, et d\u2019avoir la latitude et la flexibilit\u00e9 requises pour r\u00e9pondre et s\u2019adapter \u00e0 leurs diff\u00e9rents besoins.<\/p>\n<p>[\/vc_column_text][vc_empty_space height=\u00a0\u00bb15&Prime;][vc_column_text]<\/p>\n<p style=\"text-align: justify;\">Ainsi, lorsque requis, Lacerte GCL inc. met \u00e0 la disposition de ses clients un groupe de consultants l\u00e9gaux et autres professionnels, coordonn\u00e9 par Me Lacerte, afin qu\u2019ils unissent leur expertise au service des clients et s\u2019acquittent des mandats confi\u00e9s au cabinet.<\/p>\n<p>[\/vc_column_text][vc_empty_space height=\u00a0\u00bb15&Prime;][vc_column_text]<\/p>\n<p style=\"text-align: justify;\">\u00c9tant soucieuse de pouvoir r\u00e9pondre \u00e0 la demande de ses clients de demeurer accompagn\u00e9s et conseill\u00e9s par celle-ci dans la prise en charge de l\u2019ensemble de leurs dossiers, Guylaine a ainsi d\u00e9velopp\u00e9 des partenariats lui permettant d\u2019offrir un tr\u00e8s large \u00e9ventail de services l\u00e9gaux.<a href=\"https:\/\/lacertegcl.com\/services\/\"> (En savoir plus)<\/a><\/p>\n<p>[\/vc_column_text][vc_empty_space height=\u00a0\u00bb15&Prime;][vc_column_text]<\/p>\n<p style=\"text-align: justify;\">Sa connaissance des besoins de ses clients ainsi que les liens \u00e9troits cr\u00e9\u00e9s avec ceux-ci au fil des ann\u00e9es, combin\u00e9s \u00e0 l\u2019expertise du groupe de consultants l\u00e9gaux qui l\u2019entoure, permettent au cabinet d\u2019offrir \u00e0 sa client\u00e8le un service adapt\u00e9 et un accompagnement personnalis\u00e9.<\/p>\n<p>[\/vc_column_text][vc_empty_space height=\u00a0\u00bb15&Prime;][\/vc_column][vc_column width=\u00a0\u00bb1\/3&Prime;][vc_empty_space height=\u00a0\u00bb15&Prime;][vc_single_image image=\u00a0\u00bb15721&Prime; img_size=\u00a0\u00bbfull\u00a0\u00bb qode_css_animation=\u00a0\u00bb\u00a0\u00bb][\/vc_column][\/vc_row][vc_row css_animation=\u00a0\u00bb\u00a0\u00bb row_type=\u00a0\u00bbrow\u00a0\u00bb use_row_as_full_screen_section=\u00a0\u00bbno\u00a0\u00bb type=\u00a0\u00bbgrid\u00a0\u00bb angled_section=\u00a0\u00bbno\u00a0\u00bb text_align=\u00a0\u00bbleft\u00a0\u00bb background_image_as_pattern=\u00a0\u00bbwithout_pattern\u00a0\u00bb z_index=\u00a0\u00bb\u00a0\u00bb][vc_column width=\u00a0\u00bb2\/3&Prime;]<div class=\"custom_font_holder\" style=\"font-family: Montserrat; font-size: 30px; line-height: 26px; font-style: normal; font-weight: 300; color: #c78f2b; text-decoration: none; text-align: right;\"><b>Une prise en charge compl\u00e8te de vos dossiers<\/b><\/div>[\/vc_column][vc_column width=\u00a0\u00bb1\/3&Prime;][\/vc_column][\/vc_row][vc_row css_animation=\u00a0\u00bb\u00a0\u00bb row_type=\u00a0\u00bbrow\u00a0\u00bb use_row_as_full_screen_section=\u00a0\u00bbno\u00a0\u00bb type=\u00a0\u00bbfull_width\u00a0\u00bb angled_section=\u00a0\u00bbno\u00a0\u00bb text_align=\u00a0\u00bbleft\u00a0\u00bb background_image_as_pattern=\u00a0\u00bbwithout_pattern\u00a0\u00bb][vc_column][vc_column_text]<\/p>\n<p>[\/vc_column_text][vc_empty_space][\/vc_column][\/vc_row]<\/p>\n","protected":false},"excerpt":{"rendered":"<p>[vc_row css_animation=\u00a0\u00bb\u00a0\u00bb row_type=\u00a0\u00bbrow\u00a0\u00bb use_row_as_full_screen_section=\u00a0\u00bbno\u00a0\u00bb type=\u00a0\u00bbgrid\u00a0\u00bb angled_section=\u00a0\u00bbno\u00a0\u00bb text_align=\u00a0\u00bbleft\u00a0\u00bb background_image_as_pattern=\u00a0\u00bbwithout_pattern\u00a0\u00bb padding_bottom=\u00a0\u00bb0&Prime; el_class=\u00a0\u00bbicon_border\u00a0\u00bb z_index=\u00a0\u00bb\u00a0\u00bb][vc_column width=\u00a0\u00bb2\/3&Prime;][vc_column_text] Le cabinet Lacerte GCL inc. a \u00e9t\u00e9 fond\u00e9 en 2019 par Me Guylaine Lacerte qui, apr\u00e8s avoir pratiqu\u00e9 au sein de grands et moyens cabinets, a d\u00e9velopp\u00e9 un mod\u00e8le d\u2019affaires innovant lui permettant&#8230;<\/p>\n","protected":false},"author":1,"featured_media":0,"parent":0,"menu_order":0,"comment_status":"open","ping_status":"open","template":"full_width.php","meta":{"footnotes":""},"class_list":["post-13396","page","type-page","status-publish","hentry"],"_links":{"self":[{"href":"https:\/\/lacertegcl.com\/fr\/wp-json\/wp\/v2\/pages\/13396","targetHints":{"allow":["GET"]}}],"collection":[{"href":"https:\/\/lacertegcl.com\/fr\/wp-json\/wp\/v2\/pages"}],"about":[{"href":"https:\/\/lacertegcl.com\/fr\/wp-json\/wp\/v2\/types\/page"}],"author":[{"embeddable":true,"href":"https:\/\/lacertegcl.com\/fr\/wp-json\/wp\/v2\/users\/1"}],"replies":[{"embeddable":true,"href":"https:\/\/lacertegcl.com\/fr\/wp-json\/wp\/v2\/comments?post=13396"}],"version-history":[{"count":25,"href":"https:\/\/lacertegcl.com\/fr\/wp-json\/wp\/v2\/pages\/13396\/revisions"}],"predecessor-version":[{"id":16082,"href":"https:\/\/lacertegcl.com\/fr\/wp-json\/wp\/v2\/pages\/13396\/revisions\/16082"}],"wp:attachment":[{"href":"https:\/\/lacertegcl.com\/fr\/wp-json\/wp\/v2\/media?parent=13396"}],"curies":[{"name":"wp","href":"https:\/\/api.w.org\/{rel}","templated":true}]}}