{"id":14093,"date":"2014-03-26T14:44:33","date_gmt":"2014-03-26T14:44:33","guid":{"rendered":"http:\/\/demo.qodeinteractive.com\/bridge46\/?page_id=14093"},"modified":"2022-01-04T21:04:03","modified_gmt":"2022-01-04T21:04:03","slug":"me-guylaine-lacerte","status":"publish","type":"page","link":"https:\/\/lacertegcl.com\/fr\/me-guylaine-lacerte\/","title":{"rendered":"ME GUYLAINE LACERTE"},"content":{"rendered":"<p>[vc_row css_animation=\u00a0\u00bb\u00a0\u00bb row_type=\u00a0\u00bbrow\u00a0\u00bb use_row_as_full_screen_section=\u00a0\u00bbno\u00a0\u00bb type=\u00a0\u00bbgrid\u00a0\u00bb angled_section=\u00a0\u00bbno\u00a0\u00bb text_align=\u00a0\u00bbleft\u00a0\u00bb background_image_as_pattern=\u00a0\u00bbwithout_pattern\u00a0\u00bb z_index=\u00a0\u00bb\u00a0\u00bb][vc_column width=\u00a0\u00bb1\/3&Prime;][vc_separator type=\u00a0\u00bbtransparent\u00a0\u00bb up=\u00a0\u00bb7&Prime; down=\u00a0\u00bb0&Prime;][vc_single_image image=\u00a0\u00bb15932&Prime; img_size=\u00a0\u00bbfull\u00a0\u00bb alignment=\u00a0\u00bbcenter\u00a0\u00bb style=\u00a0\u00bbvc_box_rounded\u00a0\u00bb qode_css_animation=\u00a0\u00bbelement_from_left\u00a0\u00bb transition_delay=\u00a0\u00bb0.3&Prime;][vc_separator type=\u00a0\u00bbtransparent\u00a0\u00bb up=\u00a0\u00bb15&Prime; down=\u00a0\u00bb0&Prime;][vc_separator type=\u00a0\u00bbtransparent\u00a0\u00bb up=\u00a0\u00bb15&Prime; down=\u00a0\u00bb0&Prime;][vc_column_text]<\/p>\n<h3><strong>ME GUYLAINE LACERTE<\/strong><\/h3>\n<p><strong>T\u00e9l\u00e9phone:<\/strong> 418 997.3025<\/p>\n<p><strong>T\u00e9l\u00e9copieur:<\/strong> 581 500.3701<\/p>\n<p><strong>Courriel:<\/strong> glacerte@lacertegcl.com[\/vc_column_text][vc_separator type=\u00a0\u00bbtransparent\u00a0\u00bb up=\u00a0\u00bb30&Prime; down=\u00a0\u00bb10&Prime;][\/vc_column][vc_column width=\u00a0\u00bb2\/3&Prime;][vc_column_text]<\/p>\n<p style=\"text-align: justify;\">Apr\u00e8s avoir pratiqu\u00e9 au sein de grands et moyens cabinets, Me Guylaine Lacerte a cr\u00e9\u00e9 sa propre entreprise et a d\u00e9velopp\u00e9 un mod\u00e8le d\u2019affaires innovant permettant \u00e0 la client\u00e8le d\u2019avoir acc\u00e8s \u00e0 un guichet unique de services professionnels vari\u00e9s qu\u2019elle supervise et coordonne. Cette approche lui permet non seulement de fournir aux clients les services dont les besoins diff\u00e8rent de son domaine premier d\u2019expertise, mais lui permet surtout de continuer de r\u00e9pondre \u00e0 leurs attentes et aux objectifs qu\u2019ils poursuivent.<\/p>\n<p>[\/vc_column_text][vc_separator type=\u00a0\u00bbtransparent\u00a0\u00bb up=\u00a0\u00bb0&Prime; down=\u00a0\u00bb10&Prime;][vc_column_text]Reconnue pour son efficacit\u00e9, sa cr\u00e9ativit\u00e9 dans la recherche de solutions pratiques pour ses clients et sa capacit\u00e9 \u00e0 prendre en charge rapidement les probl\u00e9matiques qui lui sont pr\u00e9sent\u00e9es, Guylaine devient un partenaire cl\u00e9 aupr\u00e8s de sa client\u00e8le avec qui elle tisse des liens durables.[\/vc_column_text][vc_separator type=\u00a0\u00bbtransparent\u00a0\u00bb up=\u00a0\u00bb0&Prime; down=\u00a0\u00bb10&Prime;][vc_column_text]<\/p>\n<p style=\"text-align: justify;\">Bien qu\u2019entour\u00e9e d\u2019un groupe de consultants l\u00e9gaux, Guylaine travaille pour sa part principalement dans les domaines du droit du travail et de l&#8217;emploi, du droit civil et du droit administratif. Elle repr\u00e9sente principalement des employeurs et sa pratique couvre l&rsquo;ensemble des facettes de ce domaine d\u2019expertise. <a href=\"https:\/\/lacertegcl.com\/services\/\">(En savoir plus)<\/a><\/p>\n<p>[\/vc_column_text][vc_separator type=\u00a0\u00bbtransparent\u00a0\u00bb up=\u00a0\u00bb0&Prime; down=\u00a0\u00bb10&Prime;][vc_column_text]<\/p>\n<p style=\"text-align: justify;\">Admise au Barreau du Qu\u00e9bec en 2006, Guylaine est titulaire d&rsquo;un baccalaur\u00e9at en droit (LL. B.) de l&rsquo;Universit\u00e9 Laval, obtenu en 2005, et d&rsquo;un certificat en administration de l&rsquo;Universit\u00e9 de Calgary, obtenu en 2008.<\/p>\n<p>[\/vc_column_text][vc_separator type=\u00a0\u00bbtransparent\u00a0\u00bb up=\u00a0\u00bb0&Prime; down=\u00a0\u00bb10&Prime;][\/vc_column][\/vc_row][vc_row css_animation=\u00a0\u00bb\u00a0\u00bb row_type=\u00a0\u00bbrow\u00a0\u00bb use_row_as_full_screen_section=\u00a0\u00bbno\u00a0\u00bb type=\u00a0\u00bbgrid\u00a0\u00bb angled_section=\u00a0\u00bbno\u00a0\u00bb text_align=\u00a0\u00bbleft\u00a0\u00bb background_image_as_pattern=\u00a0\u00bbwithout_pattern\u00a0\u00bb background_color=\u00a0\u00bb#ffffff\u00a0\u00bb css=\u00a0\u00bb.vc_custom_1580228631041{background-color: #2351a3 !important;}\u00a0\u00bb z_index=\u00a0\u00bb\u00a0\u00bb][vc_column][vc_separator type=\u00a0\u00bbtransparent\u00a0\u00bb up=\u00a0\u00bb30&Prime; down=\u00a0\u00bb0&Prime;][vc_column_text]<\/p>\n<p style=\"text-align: justify;\"><span style=\"color: white;\">Grande passionn\u00e9e de sports et d\u2019entrainement, Guylaine a aussi d\u00e9velopp\u00e9, au cours des derni\u00e8res ann\u00e9es, une sp\u00e9cialit\u00e9 en droit du sport. Son implication et sa pr\u00e9sence dans ce milieu lui ont permis de d\u00e9velopper un bon r\u00e9seau de clients et de contacts d\u2019affaires, ainsi que de prendre en charge les dossiers juridiques de la Ligue nord-am\u00e9ricaine de hockey (LNAH).<\/span><\/p>\n<p>[\/vc_column_text][vc_separator type=\u00a0\u00bbtransparent\u00a0\u00bb up=\u00a0\u00bb30&Prime; down=\u00a0\u00bb0&Prime;][vc_column_text]<\/p>\n<p style=\"text-align: justify;\"><span style=\"color: white;\">Guylaine s\u2019implique \u00e9galement aupr\u00e8s de la rel\u00e8ve et encourage leurs initiatives, notamment celles des \u00e9tudiants(es) en droit et en administration des affaires de l\u2019Universit\u00e9 Laval et du Coll\u00e8ge Champlain St. Lawrence.<\/span><\/p>\n<p>[\/vc_column_text][vc_separator type=\u00a0\u00bbtransparent\u00a0\u00bb up=\u00a0\u00bb30&Prime; down=\u00a0\u00bb0&Prime;][vc_column_text]<span style=\"color: white;\">Son entregent et ses habilet\u00e9s \u00e0 communiquer en public permettent \u00e9galement \u00e0 Guylaine d\u2019offrir des conf\u00e9rences et des formations notamment sur des questions de droit du travail et de l\u2019emploi.<\/span>[\/vc_column_text][vc_separator type=\u00a0\u00bbtransparent\u00a0\u00bb up=\u00a0\u00bb30&Prime; down=\u00a0\u00bb0&Prime;][\/vc_column][\/vc_row][vc_row css_animation=\u00a0\u00bb\u00a0\u00bb row_type=\u00a0\u00bbrow\u00a0\u00bb use_row_as_full_screen_section=\u00a0\u00bbno\u00a0\u00bb type=\u00a0\u00bbgrid\u00a0\u00bb angled_section=\u00a0\u00bbno\u00a0\u00bb text_align=\u00a0\u00bbleft\u00a0\u00bb background_image_as_pattern=\u00a0\u00bbwithout_pattern\u00a0\u00bb background_color=\u00a0\u00bb#ffffff\u00a0\u00bb z_index=\u00a0\u00bb\u00a0\u00bb][vc_column width=\u00a0\u00bb1\/2&Prime;][vc_separator type=\u00a0\u00bbtransparent\u00a0\u00bb up=\u00a0\u00bb30&Prime; down=\u00a0\u00bb0&Prime;][vc_separator type=\u00a0\u00bbtransparent\u00a0\u00bb up=\u00a0\u00bb30&Prime; down=\u00a0\u00bb0&Prime;][vc_column_text]<\/p>\n<h3><strong>FORMATIONS<\/strong><\/h3>\n<p><strong>2008<\/strong> &#8211; Certificat en administration, Universit\u00e9 de Calgary<\/p>\n<p><strong>2006<\/strong> &#8211; Permis d&rsquo;exercice de la profession d&rsquo;avocat, Barreau du Qu\u00e9bec<\/p>\n<p><strong>2005<\/strong> &#8211; Baccalaur\u00e9at en droit, LL. B., Universit\u00e9 Laval[\/vc_column_text][vc_separator type=\u00a0\u00bbtransparent\u00a0\u00bb up=\u00a0\u00bb45&Prime; down=\u00a0\u00bb0&Prime;][\/vc_column][vc_column width=\u00a0\u00bb1\/2&Prime;][vc_separator type=\u00a0\u00bbtransparent\u00a0\u00bb up=\u00a0\u00bb30&Prime; down=\u00a0\u00bb0&Prime;][vc_separator type=\u00a0\u00bbtransparent\u00a0\u00bb up=\u00a0\u00bb30&Prime; down=\u00a0\u00bb0&Prime;][vc_column_text]<\/p>\n<h3><strong>ENGAGEMENT SOCIAL <\/strong><\/h3>\n<p><strong>Depuis 2020<\/strong> &#8211; Membre du comit\u00e9 aviseur de Bloom Communications<\/p>\n<p><strong>Depuis 2016 <\/strong>&#8211; Membre du conseil d\u2019administration du Patro de L\u00e9vis<\/p>\n<p><strong>Depuis 2019<\/strong>\u00a0&#8211; Membre de Sports Lawyers Association<\/p>\n<p><strong>Depuis 2010<\/strong> &#8211; Membre de l&rsquo;Association du Barreau Canadien<\/p>\n<p><strong>De 2016 \u00e0 2017<\/strong> &#8211; Membre du comit\u00e9 organisateur du Cyclo-D\u00e9fi IUCPQ[\/vc_column_text][vc_separator type=\u00a0\u00bbtransparent\u00a0\u00bb up=\u00a0\u00bb0&Prime; down=\u00a0\u00bb0&Prime;][vc_separator type=\u00a0\u00bbtransparent\u00a0\u00bb up=\u00a0\u00bb45&Prime; down=\u00a0\u00bb0&Prime;][\/vc_column][\/vc_row][vc_row css_animation=\u00a0\u00bb\u00a0\u00bb row_type=\u00a0\u00bbrow\u00a0\u00bb use_row_as_full_screen_section=\u00a0\u00bbno\u00a0\u00bb type=\u00a0\u00bbgrid\u00a0\u00bb angled_section=\u00a0\u00bbno\u00a0\u00bb text_align=\u00a0\u00bbleft\u00a0\u00bb background_image_as_pattern=\u00a0\u00bbwithout_pattern\u00a0\u00bb css=\u00a0\u00bb.vc_custom_1580337692925{background-color: #ededed !important;}\u00a0\u00bb z_index=\u00a0\u00bb\u00a0\u00bb][vc_column][vc_separator type=\u00a0\u00bbtransparent\u00a0\u00bb up=\u00a0\u00bb30&Prime; down=\u00a0\u00bb0&Prime;][vc_column_text]<\/p>\n<h3>PR\u00c9SENTATIONS ET CONF\u00c9RENCES<\/h3>\n<p>[\/vc_column_text][vc_separator type=\u00a0\u00bbtransparent\u00a0\u00bb up=\u00a0\u00bb7&Prime; down=\u00a0\u00bb0&Prime;][vc_column_text]<strong>2021<\/strong><strong>\u00a0<\/strong>\u2013 Formation offerte \u00e0 des clients de juridiction f\u00e9d\u00e9rale sur\u00a0:\u00a0<i>Le R\u00e8glement sur la pr\u00e9vention du harc\u00e8lement et de la violence dans le lieu de travail<\/i>.<\/p>\n<p><strong>2020<\/strong><strong>\u00a0<\/strong>\u2013 Conf\u00e9rence offerte aux neurologues du Qu\u00e9bec et aux m\u00e9decins de famille ayant des patients \u00e9pileptiques dans le cadre de la JAQUE (Journ\u00e9e Annuelle Qu\u00e9b\u00e9coise de l&rsquo;\u00c9pilepsie). <em>Les enjeux l\u00e9gaux li\u00e9s au travail auxquels les patients \u00e9pileptiques et leurs employeurs peuvent \u00eatre expos\u00e9s.<\/em><\/p>\n<p><strong>2015<\/strong> &#8211; Colloque Via Pr\u00e9vention. \u00a0<em>D\u00e9pistage d&rsquo;alcool et de drogues en milieu de travail.<\/em><\/p>\n<p><strong>2014<\/strong> &#8211; Conf\u00e9rence sur les droits et obligations en milieu de travail des camionneurs en collaboration avec l&rsquo;entreprise CCH. \u00a0<em>Les diff\u00e9rences entre un salari\u00e9, un sous-traitant, un chauffeur d&rsquo;agence et un chauffeur inc.<\/em><\/p>\n<p><strong>2011-2014<\/strong> &#8211; Formations offertes \u00e0 des clients notamment sur les sujets suivants\u00a0:\u00a0<em>Harc\u00e8lement en milieu de travail, Pr\u00e9avis raisonnable, Enqu\u00eates en milieu de travail.<\/em>[\/vc_column_text][vc_separator type=\u00a0\u00bbtransparent\u00a0\u00bb up=\u00a0\u00bb0&Prime; down=\u00a0\u00bb20&Prime;][\/vc_column][\/vc_row][vc_row css_animation=\u00a0\u00bb\u00a0\u00bb row_type=\u00a0\u00bbrow\u00a0\u00bb use_row_as_full_screen_section=\u00a0\u00bbno\u00a0\u00bb type=\u00a0\u00bbgrid\u00a0\u00bb angled_section=\u00a0\u00bbno\u00a0\u00bb text_align=\u00a0\u00bbleft\u00a0\u00bb background_image_as_pattern=\u00a0\u00bbwithout_pattern\u00a0\u00bb padding_top=\u00a0\u00bb45&Prime; z_index=\u00a0\u00bb\u00a0\u00bb][vc_column][vc_separator type=\u00a0\u00bbtransparent\u00a0\u00bb up=\u00a0\u00bb7&Prime; down=\u00a0\u00bb0&Prime;][vc_column_text]<\/p>\n<h3><strong>PUBLICATIONS<\/strong><\/h3>\n<p>[\/vc_column_text][vc_separator type=\u00a0\u00bbtransparent\u00a0\u00bb up=\u00a0\u00bb7&Prime; down=\u00a0\u00bb0&Prime;][vc_column_text]<strong>2012-2016<\/strong> &#8211; Rousse, Jacques et al. (2013)\u00a0<em>Politiques Pro Ressources Humaines<\/em>, \u00c9dition Qu\u00e9bec. Concord : La R\u00e9f\u00e9rence.<\/p>\n<p><strong>2015<\/strong> &#8211; Lacerte, Guylaine. <em>E-Cigarettes en milieu de travail.<\/em> <a href=\"https:\/\/www.mccarthy.ca\/fr\/references\/blogues\/conseiller-de-lemployeur\/la-cigarette-electronique-en-milieu-de-travail\"><u>Disponible sur ce lien<\/u><\/a><\/p>\n<p><strong>2015<\/strong> &#8211; Lacerte, Guylaine. \u00a0<em>La marihuana \u00e0 des fins m\u00e9dicales en milieu de travail.<\/em> <a href=\"https:\/\/www.mccarthy.ca\/fr\/references\/blogues\/conseiller-de-lemployeur\/la-marihuana-des-fins-medicales-en-milieu-de-travail\"><u>Disponible sur ce lien<\/u> <\/a><\/p>\n<p><strong>2014<\/strong> &#8211; Fortier, Julie C., Lacerte, Guylaine. <em>Wal-Mart devra d\u00e9dommager les ex-employ\u00e9s de son \u00e9tablissement de Jonqui\u00e8re.<\/em> <a href=\"https:\/\/www.mccarthy.ca\/fr\/references\/articles\/wal-mart-devra-dedommager-les-ex-employes-de-son-etablissement-de-jonquiere\"><u>Disponible sur ce lien<\/u><\/a><\/p>\n<p><strong>2007<\/strong> &#8211; VILLENEUVE J et al. (2007)\u00a0<em>Pr\u00e9cis de droit professionnel. \u00a0<\/em>Cowansville : Les \u00c9ditions Yvon Blais inc., 445 p.[\/vc_column_text][vc_separator type=\u00a0\u00bbtransparent\u00a0\u00bb up=\u00a0\u00bb0&Prime; down=\u00a0\u00bb20&Prime;][\/vc_column][\/vc_row][vc_row css_animation=\u00a0\u00bb\u00a0\u00bb row_type=\u00a0\u00bbrow\u00a0\u00bb use_row_as_full_screen_section=\u00a0\u00bbno\u00a0\u00bb type=\u00a0\u00bbfull_width\u00a0\u00bb angled_section=\u00a0\u00bbno\u00a0\u00bb text_align=\u00a0\u00bbleft\u00a0\u00bb background_image_as_pattern=\u00a0\u00bbwithout_pattern\u00a0\u00bb][vc_column][vc_separator type=\u00a0\u00bbtransparent\u00a0\u00bb up=\u00a0\u00bb0&Prime; down=\u00a0\u00bb0&Prime;][\/vc_column][\/vc_row][vc_row css_animation=\u00a0\u00bb\u00a0\u00bb row_type=\u00a0\u00bbrow\u00a0\u00bb use_row_as_full_screen_section=\u00a0\u00bbno\u00a0\u00bb type=\u00a0\u00bbfull_width\u00a0\u00bb angled_section=\u00a0\u00bbno\u00a0\u00bb text_align=\u00a0\u00bbleft\u00a0\u00bb background_image_as_pattern=\u00a0\u00bbwithout_pattern\u00a0\u00bb][vc_column][vc_separator type=\u00a0\u00bbtransparent\u00a0\u00bb up=\u00a0\u00bb94&Prime; down=\u00a0\u00bb0&Prime;][\/vc_column][\/vc_row]<\/p>\n","protected":false},"excerpt":{"rendered":"<p>[vc_row css_animation=\u00a0\u00bb\u00a0\u00bb row_type=\u00a0\u00bbrow\u00a0\u00bb use_row_as_full_screen_section=\u00a0\u00bbno\u00a0\u00bb type=\u00a0\u00bbgrid\u00a0\u00bb angled_section=\u00a0\u00bbno\u00a0\u00bb text_align=\u00a0\u00bbleft\u00a0\u00bb background_image_as_pattern=\u00a0\u00bbwithout_pattern\u00a0\u00bb z_index=\u00a0\u00bb\u00a0\u00bb][vc_column width=\u00a0\u00bb1\/3&Prime;][vc_separator type=\u00a0\u00bbtransparent\u00a0\u00bb up=\u00a0\u00bb7&Prime; down=\u00a0\u00bb0&Prime;][vc_single_image image=\u00a0\u00bb15932&Prime; img_size=\u00a0\u00bbfull\u00a0\u00bb alignment=\u00a0\u00bbcenter\u00a0\u00bb style=\u00a0\u00bbvc_box_rounded\u00a0\u00bb qode_css_animation=\u00a0\u00bbelement_from_left\u00a0\u00bb transition_delay=\u00a0\u00bb0.3&Prime;][vc_separator type=\u00a0\u00bbtransparent\u00a0\u00bb up=\u00a0\u00bb15&Prime; down=\u00a0\u00bb0&Prime;][vc_separator type=\u00a0\u00bbtransparent\u00a0\u00bb up=\u00a0\u00bb15&Prime; down=\u00a0\u00bb0&Prime;][vc_column_text] ME GUYLAINE LACERTE T\u00e9l\u00e9phone: 418 997.3025 T\u00e9l\u00e9copieur: 581 500.3701 Courriel: glacerte@lacertegcl.com[\/vc_column_text][vc_separator type=\u00a0\u00bbtransparent\u00a0\u00bb up=\u00a0\u00bb30&Prime; down=\u00a0\u00bb10&Prime;][\/vc_column][vc_column width=\u00a0\u00bb2\/3&Prime;][vc_column_text] Apr\u00e8s avoir pratiqu\u00e9 au sein&#8230;<\/p>\n","protected":false},"author":1,"featured_media":0,"parent":0,"menu_order":0,"comment_status":"open","ping_status":"open","template":"full_width.php","meta":{"footnotes":""},"class_list":["post-14093","page","type-page","status-publish","hentry"],"_links":{"self":[{"href":"https:\/\/lacertegcl.com\/fr\/wp-json\/wp\/v2\/pages\/14093","targetHints":{"allow":["GET"]}}],"collection":[{"href":"https:\/\/lacertegcl.com\/fr\/wp-json\/wp\/v2\/pages"}],"about":[{"href":"https:\/\/lacertegcl.com\/fr\/wp-json\/wp\/v2\/types\/page"}],"author":[{"embeddable":true,"href":"https:\/\/lacertegcl.com\/fr\/wp-json\/wp\/v2\/users\/1"}],"replies":[{"embeddable":true,"href":"https:\/\/lacertegcl.com\/fr\/wp-json\/wp\/v2\/comments?post=14093"}],"version-history":[{"count":73,"href":"https:\/\/lacertegcl.com\/fr\/wp-json\/wp\/v2\/pages\/14093\/revisions"}],"predecessor-version":[{"id":16096,"href":"https:\/\/lacertegcl.com\/fr\/wp-json\/wp\/v2\/pages\/14093\/revisions\/16096"}],"wp:attachment":[{"href":"https:\/\/lacertegcl.com\/fr\/wp-json\/wp\/v2\/media?parent=14093"}],"curies":[{"name":"wp","href":"https:\/\/api.w.org\/{rel}","templated":true}]}}