{"id":14495,"date":"2014-03-28T11:27:19","date_gmt":"2014-03-28T11:27:19","guid":{"rendered":"http:\/\/demo.qodeinteractive.com\/bridge46\/?page_id=14495"},"modified":"2020-05-25T19:23:42","modified_gmt":"2020-05-25T19:23:42","slug":"services","status":"publish","type":"page","link":"https:\/\/lacertegcl.com\/fr\/services\/","title":{"rendered":"Services"},"content":{"rendered":"<p>[vc_row css_animation=\u00a0\u00bb\u00a0\u00bb row_type=\u00a0\u00bbrow\u00a0\u00bb use_row_as_full_screen_section=\u00a0\u00bbno\u00a0\u00bb type=\u00a0\u00bbgrid\u00a0\u00bb angled_section=\u00a0\u00bbno\u00a0\u00bb text_align=\u00a0\u00bbleft\u00a0\u00bb background_image_as_pattern=\u00a0\u00bbwithout_pattern\u00a0\u00bb background_color=\u00a0\u00bb#ffffff\u00a0\u00bb padding_top=\u00a0\u00bb50&Prime; padding_bottom=\u00a0\u00bb30&Prime; z_index=\u00a0\u00bb\u00a0\u00bb][vc_column][vc_column_text]<\/p>\n<h2 style=\"text-align: center;\"><strong>EXPERTISE SECTORIELLE<\/strong><\/h2>\n<p>[\/vc_column_text][\/vc_column][\/vc_row][vc_row css_animation=\u00a0\u00bb\u00a0\u00bb row_type=\u00a0\u00bbrow\u00a0\u00bb use_row_as_full_screen_section=\u00a0\u00bbno\u00a0\u00bb type=\u00a0\u00bbgrid\u00a0\u00bb angled_section=\u00a0\u00bbno\u00a0\u00bb text_align=\u00a0\u00bbleft\u00a0\u00bb background_image_as_pattern=\u00a0\u00bbwithout_pattern\u00a0\u00bb z_index=\u00a0\u00bb\u00a0\u00bb][vc_column width=\u00a0\u00bb2\/3&Prime;][vc_column_text]<strong>Industries et entreprises sous r\u00e8glementation f\u00e9d\u00e9rale, incluant :<\/strong><\/p>\n<p>&#8211; Entreprises de transport maritime et services portuaires<br \/>\n&#8211; Banques<br \/>\n&#8211; A\u00e9roports<br \/>\n&#8211; Entreprises de transport routier interprovinciales et internationales<br \/>\n&#8211; Radiodiffusion et t\u00e9l\u00e9diffusion<br \/>\n&#8211; Premi\u00e8res Nations<\/p>\n<p><strong>Municipalit\u00e9s<\/strong><\/p>\n<p><strong>Commerce de d\u00e9tail<\/strong><\/p>\n<p><strong>Secteur manufacturier<\/strong><\/p>\n<p><strong>Milieu du sport et industrie des suppl\u00e9ments alimentaires et des produits de sant\u00e9<\/strong><\/p>\n<p><strong>Services financiers<\/strong><\/p>\n<p><strong>Organismes \u00e0 but non lucratif<\/strong>[\/vc_column_text][\/vc_column][vc_column width=\u00a0\u00bb1\/3&Prime;][vc_single_image image=\u00a0\u00bb15908&Prime; img_size=\u00a0\u00bbfull\u00a0\u00bb alignment=\u00a0\u00bbcenter\u00a0\u00bb qode_css_animation=\u00a0\u00bb\u00a0\u00bb][\/vc_column][\/vc_row][vc_row css_animation=\u00a0\u00bb\u00a0\u00bb row_type=\u00a0\u00bbrow\u00a0\u00bb use_row_as_full_screen_section=\u00a0\u00bbno\u00a0\u00bb type=\u00a0\u00bbgrid\u00a0\u00bb angled_section=\u00a0\u00bbno\u00a0\u00bb text_align=\u00a0\u00bbleft\u00a0\u00bb background_image_as_pattern=\u00a0\u00bbwithout_pattern\u00a0\u00bb background_color=\u00a0\u00bb#ffffff\u00a0\u00bb padding_top=\u00a0\u00bb30&Prime; padding_bottom=\u00a0\u00bb30&Prime; z_index=\u00a0\u00bb\u00a0\u00bb][vc_column][vc_column_text]<\/p>\n<h2 style=\"text-align: center;\"><strong>SECTEURS DE PRATIQUE<\/strong><\/h2>\n<p>[\/vc_column_text][\/vc_column][\/vc_row][vc_row css_animation=\u00a0\u00bb\u00a0\u00bb row_type=\u00a0\u00bbrow\u00a0\u00bb use_row_as_full_screen_section=\u00a0\u00bbno\u00a0\u00bb type=\u00a0\u00bbgrid\u00a0\u00bb angled_section=\u00a0\u00bbno\u00a0\u00bb text_align=\u00a0\u00bbleft\u00a0\u00bb background_image_as_pattern=\u00a0\u00bbwithout_pattern\u00a0\u00bb background_color=\u00a0\u00bb#ffffff\u00a0\u00bb padding_top=\u00a0\u00bb25&Prime; padding_bottom=\u00a0\u00bb80&Prime; z_index=\u00a0\u00bb\u00a0\u00bb][vc_column][vc_column_text]<strong>Droit du travail et de l\u2019emploi<\/strong><\/p>\n<p>&#8211; Processus d\u2019embauche<br \/>\n&#8211; Cessation d\u2019emploi et cong\u00e9diement injustifi\u00e9<br \/>\n&#8211; Mesures administratives ou disciplinaires<br \/>\n&#8211; Contrats de travail, contrats de service et clauses restrictives<br \/>\n&#8211; Normes du travail<br \/>\n&#8211; Gestion de l\u2019invalidit\u00e9 et de l\u2019absent\u00e9isme<br \/>\n&#8211; Harc\u00e8lement en milieu de travail<br \/>\n&#8211; Interpr\u00e9tation et n\u00e9gociation de conventions collectives<br \/>\n&#8211; Protection des renseignements personnels et acc\u00e8s \u00e0 l\u2019information<br \/>\n&#8211; Droits de la personne et obligation d\u2019accommodement<br \/>\n&#8211; Litige en droit du travail et repr\u00e9sentation devant les tribunaux administratifs et civils<br \/>\n&#8211; Arbitrage de griefs<br \/>\n&#8211; Pourvoi en contr\u00f4le judiciaire<br \/>\n&#8211; Proc\u00e9dures en injonction<br \/>\n&#8211; Modes alternatifs de r\u00e9solution de conflit, incluant la m\u00e9diation, la conciliation et l\u2019arbitrage<br \/>\n&#8211; Sant\u00e9 et s\u00e9curit\u00e9 au travail<br \/>\n&#8211; Assistance lors d\u2019enqu\u00eates en milieu de travail en cas d\u2019accidents graves ou mortels<br \/>\n&#8211; Poursuites p\u00e9nales ou criminelles touchant la sant\u00e9 et la s\u00e9curit\u00e9 en milieu de travail<br \/>\n&#8211; Plaintes pour manquement au devoir syndical de juste repr\u00e9sentation<br \/>\n&#8211; \u00c9quit\u00e9 en mati\u00e8re d\u2019emploi<br \/>\n&#8211; Politiques et pratiques en mati\u00e8re d\u2019emploi (r\u00e9daction et r\u00e9vision)<br \/>\n&#8211; Processus de francisation d\u2019une entreprise<br \/>\n&#8211; Certains aspects li\u00e9s au domaine de l\u2019immigration<\/p>\n<p><strong>Droit du sport<\/strong><\/p>\n<p><strong>Repr\u00e9sentation patronale dans le contexte des restructurations d\u2019entreprises et des op\u00e9rations de fusion et d\u2019acquisition<\/strong><\/p>\n<p><strong>Baux commerciaux<\/strong><\/p>\n<p><strong>Litige civil et commercial<\/strong><\/p>\n<p><strong>Droit des affaires et corporatif (via des collaborateurs)<\/strong>[\/vc_column_text][\/vc_column][\/vc_row]<\/p>\n","protected":false},"excerpt":{"rendered":"<p>[vc_row css_animation=\u00a0\u00bb\u00a0\u00bb row_type=\u00a0\u00bbrow\u00a0\u00bb use_row_as_full_screen_section=\u00a0\u00bbno\u00a0\u00bb type=\u00a0\u00bbgrid\u00a0\u00bb angled_section=\u00a0\u00bbno\u00a0\u00bb text_align=\u00a0\u00bbleft\u00a0\u00bb background_image_as_pattern=\u00a0\u00bbwithout_pattern\u00a0\u00bb background_color=\u00a0\u00bb#ffffff\u00a0\u00bb padding_top=\u00a0\u00bb50&Prime; padding_bottom=\u00a0\u00bb30&Prime; z_index=\u00a0\u00bb\u00a0\u00bb][vc_column][vc_column_text] EXPERTISE SECTORIELLE [\/vc_column_text][\/vc_column][\/vc_row][vc_row css_animation=\u00a0\u00bb\u00a0\u00bb row_type=\u00a0\u00bbrow\u00a0\u00bb use_row_as_full_screen_section=\u00a0\u00bbno\u00a0\u00bb type=\u00a0\u00bbgrid\u00a0\u00bb angled_section=\u00a0\u00bbno\u00a0\u00bb text_align=\u00a0\u00bbleft\u00a0\u00bb background_image_as_pattern=\u00a0\u00bbwithout_pattern\u00a0\u00bb z_index=\u00a0\u00bb\u00a0\u00bb][vc_column width=\u00a0\u00bb2\/3&Prime;][vc_column_text]Industries et entreprises sous r\u00e8glementation f\u00e9d\u00e9rale, incluant : &#8211; Entreprises de transport maritime et services portuaires &#8211; Banques &#8211; A\u00e9roports &#8211; Entreprises&#8230;<\/p>\n","protected":false},"author":1,"featured_media":0,"parent":0,"menu_order":0,"comment_status":"open","ping_status":"open","template":"full_width.php","meta":{"footnotes":""},"class_list":["post-14495","page","type-page","status-publish","hentry"],"_links":{"self":[{"href":"https:\/\/lacertegcl.com\/fr\/wp-json\/wp\/v2\/pages\/14495","targetHints":{"allow":["GET"]}}],"collection":[{"href":"https:\/\/lacertegcl.com\/fr\/wp-json\/wp\/v2\/pages"}],"about":[{"href":"https:\/\/lacertegcl.com\/fr\/wp-json\/wp\/v2\/types\/page"}],"author":[{"embeddable":true,"href":"https:\/\/lacertegcl.com\/fr\/wp-json\/wp\/v2\/users\/1"}],"replies":[{"embeddable":true,"href":"https:\/\/lacertegcl.com\/fr\/wp-json\/wp\/v2\/comments?post=14495"}],"version-history":[{"count":38,"href":"https:\/\/lacertegcl.com\/fr\/wp-json\/wp\/v2\/pages\/14495\/revisions"}],"predecessor-version":[{"id":16080,"href":"https:\/\/lacertegcl.com\/fr\/wp-json\/wp\/v2\/pages\/14495\/revisions\/16080"}],"wp:attachment":[{"href":"https:\/\/lacertegcl.com\/fr\/wp-json\/wp\/v2\/media?parent=14495"}],"curies":[{"name":"wp","href":"https:\/\/api.w.org\/{rel}","templated":true}]}}