{"id":14869,"date":"2014-05-20T07:51:11","date_gmt":"2014-05-20T07:51:11","guid":{"rendered":"http:\/\/demo.qodeinteractive.com\/bridge46\/?page_id=14869"},"modified":"2020-05-25T17:39:26","modified_gmt":"2020-05-25T17:39:26","slug":"home","status":"publish","type":"page","link":"https:\/\/lacertegcl.com\/fr\/","title":{"rendered":"Home"},"content":{"rendered":"<p>[vc_row css_animation=\u00a0\u00bb\u00a0\u00bb row_type=\u00a0\u00bbrow\u00a0\u00bb use_row_as_full_screen_section=\u00a0\u00bbno\u00a0\u00bb type=\u00a0\u00bbgrid\u00a0\u00bb angled_section=\u00a0\u00bbno\u00a0\u00bb text_align=\u00a0\u00bbcenter\u00a0\u00bb background_image_as_pattern=\u00a0\u00bbwithout_pattern\u00a0\u00bb background_color=\u00a0\u00bb#2351a3&Prime; padding_top=\u00a0\u00bb10&Prime; padding_bottom=\u00a0\u00bb10&Prime; z_index=\u00a0\u00bb\u00a0\u00bb][vc_column width=\u00a0\u00bb1\/4&Prime;][\/vc_column][vc_column width=\u00a0\u00bb1\/2&Prime;]<div class=\"custom_font_holder\" style=\"font-family: Montserrat; font-size: 27px; line-height: 25px; font-style: normal; font-weight: 300; color: #ffffff; text-decoration: none; letter-spacing: 0px; text-align: center;\">\n<p style=\"color: #ffffff; text-align: center;\">Le cabinet Lacerte GCL inc. a \u00e9t\u00e9 fond\u00e9 en 2019 par Me Guylaine Lacerte qui, apr\u00e8s avoir pratiqu\u00e9 au sein de grands et moyens cabinets, a d\u00e9velopp\u00e9 un mod\u00e8le d\u2019affaires innovant lui permettant d\u2019agir comme conseill\u00e8re aupr\u00e8s de sa client\u00e8le, et ce, peu importe la nature des enjeux juridiques, et d\u2019avoir la latitude et la flexibilit\u00e9 requises pour r\u00e9pondre et s\u2019adapter \u00e0 leurs diff\u00e9rents besoins.<\/p>\n<\/div>[\/vc_column][vc_column width=\u00a0\u00bb1\/4&Prime;][\/vc_column][\/vc_row]<\/p>\n","protected":false},"excerpt":{"rendered":"<p>[vc_row css_animation=\u00a0\u00bb\u00a0\u00bb row_type=\u00a0\u00bbrow\u00a0\u00bb use_row_as_full_screen_section=\u00a0\u00bbno\u00a0\u00bb type=\u00a0\u00bbgrid\u00a0\u00bb angled_section=\u00a0\u00bbno\u00a0\u00bb text_align=\u00a0\u00bbcenter\u00a0\u00bb background_image_as_pattern=\u00a0\u00bbwithout_pattern\u00a0\u00bb background_color=\u00a0\u00bb#2351a3&Prime; padding_top=\u00a0\u00bb10&Prime; padding_bottom=\u00a0\u00bb10&Prime; z_index=\u00a0\u00bb\u00a0\u00bb][vc_column width=\u00a0\u00bb1\/4&Prime;][\/vc_column][vc_column width=\u00a0\u00bb1\/2&Prime;][\/vc_column][vc_column width=\u00a0\u00bb1\/4&Prime;][\/vc_column][\/vc_row]<\/p>\n","protected":false},"author":1,"featured_media":0,"parent":0,"menu_order":0,"comment_status":"open","ping_status":"open","template":"full_width.php","meta":{"footnotes":""},"class_list":["post-14869","page","type-page","status-publish","hentry"],"_links":{"self":[{"href":"https:\/\/lacertegcl.com\/fr\/wp-json\/wp\/v2\/pages\/14869","targetHints":{"allow":["GET"]}}],"collection":[{"href":"https:\/\/lacertegcl.com\/fr\/wp-json\/wp\/v2\/pages"}],"about":[{"href":"https:\/\/lacertegcl.com\/fr\/wp-json\/wp\/v2\/types\/page"}],"author":[{"embeddable":true,"href":"https:\/\/lacertegcl.com\/fr\/wp-json\/wp\/v2\/users\/1"}],"replies":[{"embeddable":true,"href":"https:\/\/lacertegcl.com\/fr\/wp-json\/wp\/v2\/comments?post=14869"}],"version-history":[{"count":20,"href":"https:\/\/lacertegcl.com\/fr\/wp-json\/wp\/v2\/pages\/14869\/revisions"}],"predecessor-version":[{"id":16074,"href":"https:\/\/lacertegcl.com\/fr\/wp-json\/wp\/v2\/pages\/14869\/revisions\/16074"}],"wp:attachment":[{"href":"https:\/\/lacertegcl.com\/fr\/wp-json\/wp\/v2\/media?parent=14869"}],"curies":[{"name":"wp","href":"https:\/\/api.w.org\/{rel}","templated":true}]}}